{"id":86,"date":"2023-09-28T09:25:07","date_gmt":"2023-09-28T07:25:07","guid":{"rendered":"https:\/\/www.szentistvanajka.hu\/iskola\/?page_id=86"},"modified":"2023-10-03T08:20:57","modified_gmt":"2023-10-03T06:20:57","slug":"alapdokumentumok","status":"publish","type":"page","link":"https:\/\/www.szentistvanajka.hu\/iskola\/iskolankrol\/alapdokumentumok\/","title":{"rendered":"Alapdokumentumok"},"content":{"rendered":"<p>[et_pb_section fb_built=&#8221;1&#8243; fullwidth=&#8221;on&#8221; admin_label=&#8221;Header Section&#8221; _builder_version=&#8221;4.22.2&#8243; background_color=&#8221;gcid-3e5434d2-d04b-4c23-ad4b-c99b69dfdd61&#8243; background_image=&#8221;https:\/\/www.szentistvanajka.hu\/iskola\/wp-content\/uploads\/sites\/2\/2023\/09\/suli-banner-4-scaled.jpg&#8221; top_divider_style=&#8221;clouds2&#8243; top_divider_color=&#8221;rgba(255,255,255,0.3)&#8221; top_divider_height=&#8221;100%&#8221; bottom_divider_height=&#8221;30px&#8221; global_colors_info=&#8221;{%22gcid-3e5434d2-d04b-4c23-ad4b-c99b69dfdd61%22:%91%22background_color%22%93}&#8221;][et_pb_fullwidth_header title=&#8221;Alapdokumentumok&#8221; subhead=&#8221;Iskol\u00e1nk m\u0171k\u00f6d\u00e9s\u00e9nek, szervez\u00e9s\u00e9nek dokumentumai&#8221; text_orientation=&#8221;center&#8221; _builder_version=&#8221;4.16&#8243; title_level=&#8221;h2&#8243; title_font=&#8221;Rubik|700||on|||||&#8221; title_text_color=&#8221;#ff7355&#8243; title_font_size=&#8221;16px&#8221; title_letter_spacing=&#8221;5px&#8221; title_line_height=&#8221;2em&#8221; content_font=&#8221;Rubik||||||||&#8221; content_font_size=&#8221;18px&#8221; content_line_height=&#8221;2em&#8221; subhead_font=&#8221;Rubik|700|||||||&#8221; subhead_text_color=&#8221;rgba(0,0,0,0.8)&#8221; subhead_font_size=&#8221;50px&#8221; subhead_line_height=&#8221;1.4em&#8221; background_color=&#8221;rgba(255,255,255,0)&#8221; use_background_color_gradient=&#8221;on&#8221; background_color_gradient_stops=&#8221;rgba(255,255,255,0.7) 0%|#ffffff 100%&#8221; background_color_gradient_start=&#8221;rgba(255,255,255,0.7)&#8221; background_color_gradient_end=&#8221;#ffffff&#8221; background_size=&#8221;contain&#8221; background_position=&#8221;bottom_center&#8221; custom_button_one=&#8221;on&#8221; button_one_text_size=&#8221;16px&#8221; button_one_text_color=&#8221;#ffffff&#8221; button_one_bg_color=&#8221;#ff7355&#8243; button_one_border_width=&#8221;15px&#8221; button_one_border_color=&#8221;rgba(210,159,104,0)&#8221; button_one_border_radius=&#8221;100px&#8221; button_one_letter_spacing=&#8221;0px&#8221; button_one_font=&#8221;Rubik|700|||||||&#8221; button_one_use_icon=&#8221;off&#8221; custom_button_two=&#8221;on&#8221; button_two_text_size=&#8221;16px&#8221; button_two_text_color=&#8221;#ffffff&#8221; button_two_bg_color=&#8221;rgba(0,0,0,0.6)&#8221; button_two_border_width=&#8221;15px&#8221; button_two_border_color=&#8221;rgba(210,159,104,0)&#8221; button_two_border_radius=&#8221;100px&#8221; button_two_letter_spacing=&#8221;0px&#8221; button_two_font=&#8221;Rubik|700|||||||&#8221; button_two_use_icon=&#8221;off&#8221; background_layout=&#8221;light&#8221; custom_margin=&#8221;|||&#8221; custom_padding=&#8221;8vw||4vw|&#8221; animation_style=&#8221;slide&#8221; animation_direction=&#8221;bottom&#8221; animation_intensity_slide=&#8221;1%&#8221; subhead_font_size_tablet=&#8221;&#8221; subhead_font_size_phone=&#8221;30px&#8221; subhead_font_size_last_edited=&#8221;on|phone&#8221; button_one_border_radius_hover=&#8221;100px&#8221; button_two_border_radius_hover=&#8221;100px&#8221; button_one_bg_color_hover=&#8221;#ff8a70&#8243; button_two_bg_color_hover=&#8221;#ff8a70&#8243; global_colors_info=&#8221;{}&#8221; button_one_text_size__hover_enabled=&#8221;off&#8221; button_two_text_size__hover_enabled=&#8221;off&#8221; button_one_text_color__hover_enabled=&#8221;off&#8221; button_two_text_color__hover_enabled=&#8221;off&#8221; button_one_border_width__hover_enabled=&#8221;off&#8221; button_two_border_width__hover_enabled=&#8221;off&#8221; button_one_border_color__hover_enabled=&#8221;off&#8221; button_two_border_color__hover_enabled=&#8221;off&#8221; button_one_border_radius__hover_enabled=&#8221;on&#8221; button_one_border_radius__hover=&#8221;100px&#8221; button_two_border_radius__hover_enabled=&#8221;on&#8221; button_two_border_radius__hover=&#8221;100px&#8221; button_one_letter_spacing__hover_enabled=&#8221;off&#8221; button_two_letter_spacing__hover_enabled=&#8221;off&#8221; button_one_bg_color__hover_enabled=&#8221;on&#8221; button_one_bg_color__hover=&#8221;#ff8a70&#8243; button_two_bg_color__hover_enabled=&#8221;on&#8221; button_two_bg_color__hover=&#8221;#ff8a70&#8243;][\/et_pb_fullwidth_header][\/et_pb_section][et_pb_section fb_built=&#8221;1&#8243; _builder_version=&#8221;4.22.2&#8243; _module_preset=&#8221;default&#8221; global_colors_info=&#8221;{}&#8221;][et_pb_row column_structure=&#8221;1_5,1_5,1_5,1_5,1_5&#8243; _builder_version=&#8221;4.22.2&#8243; _module_preset=&#8221;default&#8221; global_colors_info=&#8221;{}&#8221;][et_pb_column type=&#8221;1_5&#8243; _builder_version=&#8221;4.22.2&#8243; _module_preset=&#8221;default&#8221; global_colors_info=&#8221;{}&#8221;][et_pb_image src=&#8221;https:\/\/www.szentistvanajka.hu\/iskola\/wp-content\/uploads\/sites\/2\/2023\/09\/pedprogram.png&#8221; title_text=&#8221;pedprogram&#8221; url=&#8221;https:\/\/drive.google.com\/file\/d\/1&#8211;QQxXVxkl89eAjbOJgpx2Vhdt9LSsH4\/view?usp=sharing&#8221; url_new_window=&#8221;on&#8221; _builder_version=&#8221;4.22.2&#8243; _module_preset=&#8221;default&#8221; hover_enabled=&#8221;0&#8243; border_radii=&#8221;on|20px|20px|20px|20px&#8221; global_colors_info=&#8221;{}&#8221; sticky_enabled=&#8221;0&#8243;][\/et_pb_image][\/et_pb_column][et_pb_column type=&#8221;1_5&#8243; _builder_version=&#8221;4.22.2&#8243; _module_preset=&#8221;default&#8221; global_colors_info=&#8221;{}&#8221;][et_pb_image src=&#8221;https:\/\/www.szentistvanajka.hu\/iskola\/wp-content\/uploads\/sites\/2\/2023\/09\/alapito-okirat-icon.jpg&#8221; title_text=&#8221;alapito-okirat icon&#8221; url=&#8221;https:\/\/drive.google.com\/file\/d\/1-X7PLJCydwp9DHtX10S3DwYXeJ1zlk7Q\/view?usp=sharing&#8221; url_new_window=&#8221;on&#8221; _builder_version=&#8221;4.22.2&#8243; _module_preset=&#8221;default&#8221; hover_enabled=&#8221;0&#8243; border_radii=&#8221;on|20px|20px|20px|20px&#8221; global_colors_info=&#8221;{}&#8221; sticky_enabled=&#8221;0&#8243;][\/et_pb_image][\/et_pb_column][et_pb_column type=&#8221;1_5&#8243; _builder_version=&#8221;4.22.2&#8243; _module_preset=&#8221;default&#8221; global_colors_info=&#8221;{}&#8221;][et_pb_image src=&#8221;https:\/\/www.szentistvanajka.hu\/iskola\/wp-content\/uploads\/sites\/2\/2023\/09\/szmsz-icon.jpg&#8221; title_text=&#8221;szmsz icon&#8221; url=&#8221;https:\/\/drive.google.com\/file\/d\/1-0ypqz0dsr-H3QHPdEYJus6sybGkhdaz\/view?usp=sharing&#8221; url_new_window=&#8221;on&#8221; _builder_version=&#8221;4.22.2&#8243; _module_preset=&#8221;default&#8221; hover_enabled=&#8221;0&#8243; border_radii=&#8221;on|20px|20px|20px|20px&#8221; global_colors_info=&#8221;{}&#8221; sticky_enabled=&#8221;0&#8243;][\/et_pb_image][\/et_pb_column][et_pb_column type=&#8221;1_5&#8243; _builder_version=&#8221;4.22.2&#8243; _module_preset=&#8221;default&#8221; global_colors_info=&#8221;{}&#8221;][et_pb_image src=&#8221;https:\/\/www.szentistvanajka.hu\/iskola\/wp-content\/uploads\/sites\/2\/2023\/09\/gyeremekvedelmi-rendszer.jpg&#8221; title_text=&#8221;gyeremekvedelmi rendszer&#8221; url=&#8221;https:\/\/drive.google.com\/file\/d\/1-2Clhq0TPKOcKC_iQds9ZbArVeZKc7oz\/view?usp=sharing&#8221; url_new_window=&#8221;on&#8221; _builder_version=&#8221;4.22.2&#8243; _module_preset=&#8221;default&#8221; hover_enabled=&#8221;0&#8243; border_radii=&#8221;on|20px|20px|20px|20px&#8221; global_colors_info=&#8221;{}&#8221; sticky_enabled=&#8221;0&#8243;][\/et_pb_image][\/et_pb_column][et_pb_column type=&#8221;1_5&#8243; _builder_version=&#8221;4.22.2&#8243; _module_preset=&#8221;default&#8221; global_colors_info=&#8221;{}&#8221;][et_pb_image src=&#8221;https:\/\/www.szentistvanajka.hu\/iskola\/wp-content\/uploads\/sites\/2\/2023\/09\/hazirend-png-icon.png&#8221; title_text=&#8221;hazirend png icon&#8221; url=&#8221;https:\/\/drive.google.com\/file\/d\/1-Q_6vRmjqP8LH_U5mA2HagDttuMgW30D\/view?usp=sharing&#8221; url_new_window=&#8221;on&#8221; _builder_version=&#8221;4.22.2&#8243; _module_preset=&#8221;default&#8221; hover_enabled=&#8221;0&#8243; global_colors_info=&#8221;{}&#8221; sticky_enabled=&#8221;0&#8243;][\/et_pb_image][\/et_pb_column][\/et_pb_row][\/et_pb_section]<\/p>\n","protected":false},"excerpt":{"rendered":"","protected":false},"author":1,"featured_media":0,"parent":118,"menu_order":0,"comment_status":"closed","ping_status":"closed","template":"","meta":{"_et_pb_use_builder":"on","_et_pb_old_content":"","_et_gb_content_width":"","footnotes":""},"_links":{"self":[{"href":"https:\/\/www.szentistvanajka.hu\/iskola\/wp-json\/wp\/v2\/pages\/86"}],"collection":[{"href":"https:\/\/www.szentistvanajka.hu\/iskola\/wp-json\/wp\/v2\/pages"}],"about":[{"href":"https:\/\/www.szentistvanajka.hu\/iskola\/wp-json\/wp\/v2\/types\/page"}],"author":[{"embeddable":true,"href":"https:\/\/www.szentistvanajka.hu\/iskola\/wp-json\/wp\/v2\/users\/1"}],"replies":[{"embeddable":true,"href":"https:\/\/www.szentistvanajka.hu\/iskola\/wp-json\/wp\/v2\/comments?post=86"}],"version-history":[{"count":6,"href":"https:\/\/www.szentistvanajka.hu\/iskola\/wp-json\/wp\/v2\/pages\/86\/revisions"}],"predecessor-version":[{"id":597,"href":"https:\/\/www.szentistvanajka.hu\/iskola\/wp-json\/wp\/v2\/pages\/86\/revisions\/597"}],"up":[{"embeddable":true,"href":"https:\/\/www.szentistvanajka.hu\/iskola\/wp-json\/wp\/v2\/pages\/118"}],"wp:attachment":[{"href":"https:\/\/www.szentistvanajka.hu\/iskola\/wp-json\/wp\/v2\/media?parent=86"}],"curies":[{"name":"wp","href":"https:\/\/api.w.org\/{rel}","templated":true}]}}