{"id":315,"date":"2023-10-02T11:00:14","date_gmt":"2023-10-02T09:00:14","guid":{"rendered":"https:\/\/www.szentistvanajka.hu\/iskola\/?page_id=315"},"modified":"2023-10-02T11:03:35","modified_gmt":"2023-10-02T09:03:35","slug":"tehetseg-tanacsadas","status":"publish","type":"page","link":"https:\/\/www.szentistvanajka.hu\/iskola\/akkreditalt-tehetsegpont\/tehetseg-tanacsadas\/","title":{"rendered":"Tehets\u00e9g-tan\u00e1csad\u00e1s"},"content":{"rendered":"<p>[et_pb_section fb_built=&#8221;1&#8243; fullwidth=&#8221;on&#8221; admin_label=&#8221;Header Section&#8221; _builder_version=&#8221;4.22.2&#8243; background_image=&#8221;https:\/\/www.szentistvanajka.hu\/iskola\/wp-content\/uploads\/sites\/2\/2023\/09\/suli-banner-4-scaled.jpg&#8221; top_divider_style=&#8221;clouds2&#8243; top_divider_color=&#8221;rgba(255,255,255,0.3)&#8221; top_divider_height=&#8221;100%&#8221; bottom_divider_height=&#8221;30px&#8221; global_colors_info=&#8221;{}&#8221;][et_pb_fullwidth_header title=&#8221;Tehets\u00e9g-tan\u00e1csad\u00e1s&#8221; text_orientation=&#8221;center&#8221; _builder_version=&#8221;4.22.2&#8243; title_level=&#8221;h2&#8243; title_font=&#8221;Rubik|700||on|||||&#8221; title_text_color=&#8221;gcid-3e5434d2-d04b-4c23-ad4b-c99b69dfdd61&#8243; title_font_size=&#8221;50px&#8221; title_letter_spacing=&#8221;5px&#8221; title_line_height=&#8221;2em&#8221; content_font=&#8221;Rubik||||||||&#8221; content_font_size=&#8221;18px&#8221; content_line_height=&#8221;2em&#8221; subhead_font=&#8221;Rubik|700|||||||&#8221; subhead_text_color=&#8221;rgba(0,0,0,0.8)&#8221; subhead_font_size=&#8221;50px&#8221; subhead_line_height=&#8221;1.4em&#8221; background_color=&#8221;rgba(255,255,255,0)&#8221; use_background_color_gradient=&#8221;on&#8221; background_color_gradient_stops=&#8221;rgba(255,255,255,0.7) 0%|#ffffff 100%&#8221; background_color_gradient_start=&#8221;rgba(255,255,255,0.7)&#8221; background_color_gradient_end=&#8221;#ffffff&#8221; background_size=&#8221;contain&#8221; background_position=&#8221;bottom_center&#8221; custom_button_one=&#8221;on&#8221; button_one_text_size=&#8221;16px&#8221; button_one_text_color=&#8221;#ffffff&#8221; button_one_bg_color=&#8221;#ff7355&#8243; button_one_border_width=&#8221;15px&#8221; button_one_border_color=&#8221;rgba(210,159,104,0)&#8221; button_one_border_radius=&#8221;100px&#8221; button_one_letter_spacing=&#8221;0px&#8221; button_one_font=&#8221;Rubik|700|||||||&#8221; button_one_use_icon=&#8221;off&#8221; custom_button_two=&#8221;on&#8221; button_two_text_size=&#8221;16px&#8221; button_two_text_color=&#8221;#ffffff&#8221; button_two_bg_color=&#8221;rgba(0,0,0,0.6)&#8221; button_two_border_width=&#8221;15px&#8221; button_two_border_color=&#8221;rgba(210,159,104,0)&#8221; button_two_border_radius=&#8221;100px&#8221; button_two_letter_spacing=&#8221;0px&#8221; button_two_font=&#8221;Rubik|700|||||||&#8221; button_two_use_icon=&#8221;off&#8221; background_layout=&#8221;light&#8221; custom_margin=&#8221;|||&#8221; custom_padding=&#8221;8vw||4vw|&#8221; animation_style=&#8221;slide&#8221; animation_direction=&#8221;bottom&#8221; animation_intensity_slide=&#8221;1%&#8221; subhead_font_size_tablet=&#8221;&#8221; subhead_font_size_phone=&#8221;30px&#8221; subhead_font_size_last_edited=&#8221;on|phone&#8221; button_one_border_radius_hover=&#8221;100px&#8221; button_two_border_radius_hover=&#8221;100px&#8221; button_one_bg_color_hover=&#8221;#ff8a70&#8243; button_two_bg_color_hover=&#8221;#ff8a70&#8243; global_colors_info=&#8221;{%22gcid-3e5434d2-d04b-4c23-ad4b-c99b69dfdd61%22:%91%22title_text_color%22%93}&#8221; button_one_text_size__hover_enabled=&#8221;off&#8221; button_two_text_size__hover_enabled=&#8221;off&#8221; button_one_text_color__hover_enabled=&#8221;off&#8221; button_two_text_color__hover_enabled=&#8221;off&#8221; button_one_border_width__hover_enabled=&#8221;off&#8221; button_two_border_width__hover_enabled=&#8221;off&#8221; button_one_border_color__hover_enabled=&#8221;off&#8221; button_two_border_color__hover_enabled=&#8221;off&#8221; button_one_border_radius__hover_enabled=&#8221;on&#8221; button_one_border_radius__hover=&#8221;100px&#8221; button_two_border_radius__hover_enabled=&#8221;on&#8221; button_two_border_radius__hover=&#8221;100px&#8221; button_one_letter_spacing__hover_enabled=&#8221;off&#8221; button_two_letter_spacing__hover_enabled=&#8221;off&#8221; button_one_bg_color__hover_enabled=&#8221;on&#8221; button_one_bg_color__hover=&#8221;#ff8a70&#8243; button_two_bg_color__hover_enabled=&#8221;on&#8221; button_two_bg_color__hover=&#8221;#ff8a70&#8243;][\/et_pb_fullwidth_header][\/et_pb_section][et_pb_section fb_built=&#8221;1&#8243; _builder_version=&#8221;4.22.2&#8243; _module_preset=&#8221;default&#8221; background_image=&#8221;https:\/\/www.szentistvanajka.hu\/iskola\/wp-content\/uploads\/sites\/2\/2023\/09\/pngwing.com-3.png&#8221; parallax=&#8221;on&#8221; global_colors_info=&#8221;{}&#8221;][et_pb_row _builder_version=&#8221;4.22.2&#8243; _module_preset=&#8221;default&#8221; global_colors_info=&#8221;{}&#8221;][et_pb_column type=&#8221;4_4&#8243; _builder_version=&#8221;4.22.2&#8243; _module_preset=&#8221;default&#8221; global_colors_info=&#8221;{}&#8221;][et_pb_text _builder_version=&#8221;4.22.2&#8243; _module_preset=&#8221;default&#8221; hover_enabled=&#8221;0&#8243; global_colors_info=&#8221;{}&#8221; sticky_enabled=&#8221;0&#8243;]<\/p>\n<p>A tehets\u00e9g tan\u00e1csad\u00e1s arra szolg\u00e1l, hogy a \u201etehets\u00e9g \u00edg\u00e9ret\u201d felismer\u00e9s\u00e9vel, megismer\u00e9s\u00e9vel, fejl\u0151d\u00e9s\u00e9vel, gondoz\u00e1s\u00e1val kapcsolatos tapasztalatokat, -a gyermek megseg\u00edt\u00e9se \u00e9rdek\u00e9ben- kicser\u00e9lhess\u00e9k egym\u00e1ssal a sz\u00fcl\u0151k, pedag\u00f3gusok, egy\u00e9b szakemberek. Tiszt\u00e1zza a tehets\u00e9ggel kapcsolatos probl\u00e9m\u00e1kat \u00e9s gondokat. A tehets\u00e9gjegyeket mutat\u00f3 gyermekek gondoz\u00e1s\u00e1val, fejleszt\u00e9s\u00e9vel kapcsolatban c\u00e9lokat fogalmazzon meg, seg\u00edtse e c\u00e9lokat megval\u00f3s\u00edtani.<\/p>\n<p>Tehets\u00e9g tan\u00e1csad\u00e1s f\u0151bb tartalma, ter\u00fcletei:<\/p>\n<ol>\n<li><strong>Tehets\u00e9g felismer\u00e9se <\/strong><\/li>\n<\/ol>\n<ul>\n<li>Tehets\u00e9ges-e a gyermek?<\/li>\n<li>Mir\u0151l ismerhetem fel?<\/li>\n<li>felmer\u00fcl\u0151 probl\u00e9m\u00e1k, tapasztalatok<\/li>\n<\/ul>\n<p>&nbsp;<\/p>\n<ol start=\"2\">\n<li><strong>Tehets\u00e9g er\u0151s, kiemelked\u0151 ter\u00fclet\u00e9hez kapcsol\u00f3d\u00f3 tehets\u00e9ggondoz\u00e1s<\/strong><\/li>\n<\/ol>\n<ul>\n<li>gyermek szem\u00e9lyis\u00e9ge<\/li>\n<li>\u00e9rdekl\u0151d\u00e9si ter\u00fclet<\/li>\n<li>speci\u00e1lis k\u00e9pess\u00e9gek<\/li>\n<li>felmer\u00fcl\u0151, kibontakoz\u00e1st g\u00e1tl\u00f3 probl\u00e9m\u00e1k<\/li>\n<li>megold\u00e1si lehet\u0151s\u00e9gek (mentorok, program, eszk\u00f6z\u00f6k, t\u00e1mogat\u00f3 k\u00f6rnyezet)<\/li>\n<\/ul>\n<p>&nbsp;<\/p>\n<ol start=\"3\">\n<li><strong>A tehets\u00e9ggel laz\u00e1bban \u00f6sszef\u00fcgg\u0151, de l\u00e9nyeges ter\u00fcletek <\/strong>p\u00e9ld\u00e1ul: kreativit\u00e1s, motiv\u00e1ci\u00f3, iskolav\u00e1laszt\u00e1si probl\u00e9m\u00e1k.<\/li>\n<\/ol>\n<p>&nbsp;<\/p>\n<ol start=\"4\">\n<li><strong>Tehets\u00e9g gyenge ter\u00fcleteihez k\u00f6thet\u0151 k\u00e9pess\u00e9gfejleszt\u00e9s <\/strong>\n<ul>\n<li>er\u0151s k\u00e9pess\u00e9gek, amelyek seg\u00edthetnek<\/li>\n<li>megold\u00e1si lehet\u0151s\u00e9gek (mentorok, program, eszk\u00f6z\u00f6k, t\u00e1mogat\u00f3 k\u00f6rnyezet)<\/li>\n<\/ul>\n<\/li>\n<\/ol>\n<p>&nbsp;<\/p>\n<ol start=\"5\">\n<li><strong>Tehets\u00e9ggel, mint szem\u00e9lyis\u00e9ggel kapcsolatos probl\u00e9m\u00e1k, k\u00e9rd\u00e9sek<\/strong><\/li>\n<\/ol>\n<ul>\n<li>megold\u00e1si lehet\u0151s\u00e9gek (mentorok, egy\u00e9b szakemberek, program, eszk\u00f6z\u00f6k, t\u00e1mogat\u00f3 k\u00f6rnyezet)<\/li>\n<li>laz\u00edt\u00f3-, kikapcsol\u00f3d\u00e1st seg\u00edt\u0151 programok<\/li>\n<\/ul>\n<p><strong>\u00a0<\/strong><\/p>\n<p>Tehets\u00e9ggondoz\u00e1s ter\u00fclet\u00e9n tan\u00e1csad\u00f3 pedag\u00f3gus:<\/p>\n<p><strong>Magvas Istv\u00e1nn\u00e9<\/strong><strong> 30\/356-9173<br \/><\/strong>szakvizsg\u00e1zott tehets\u00e9gfejleszt\u0151 pedag\u00f3gus, tan\u00edt\u00f3, testnevel\u0151, edz\u0151<\/p>\n<p><strong>\u00a0<\/strong><\/p>\n<p>Konzult\u00e1ci\u00f3, megbesz\u00e9l\u00e9s el\u0151re egyeztetett id\u0151pont alapj\u00e1n!<\/p>\n<p>[\/et_pb_text][\/et_pb_column][\/et_pb_row][\/et_pb_section]<\/p>\n","protected":false},"excerpt":{"rendered":"<p>A tehets\u00e9g tan\u00e1csad\u00e1s arra szolg\u00e1l, hogy a \u201etehets\u00e9g \u00edg\u00e9ret\u201d felismer\u00e9s\u00e9vel, megismer\u00e9s\u00e9vel, fejl\u0151d\u00e9s\u00e9vel, gondoz\u00e1s\u00e1val kapcsolatos tapasztalatokat, -a gyermek megseg\u00edt\u00e9se \u00e9rdek\u00e9ben- kicser\u00e9lhess\u00e9k egym\u00e1ssal a sz\u00fcl\u0151k, pedag\u00f3gusok, egy\u00e9b szakemberek. Tiszt\u00e1zza a tehets\u00e9ggel kapcsolatos probl\u00e9m\u00e1kat \u00e9s gondokat. A tehets\u00e9gjegyeket mutat\u00f3 gyermekek gondoz\u00e1s\u00e1val, fejleszt\u00e9s\u00e9vel kapcsolatban c\u00e9lokat fogalmazzon meg, seg\u00edtse e c\u00e9lokat megval\u00f3s\u00edtani. Tehets\u00e9g tan\u00e1csad\u00e1s f\u0151bb tartalma, ter\u00fcletei: Tehets\u00e9g felismer\u00e9se Tehets\u00e9ges-e [&hellip;]<\/p>\n","protected":false},"author":1,"featured_media":0,"parent":234,"menu_order":0,"comment_status":"closed","ping_status":"closed","template":"","meta":{"_et_pb_use_builder":"on","_et_pb_old_content":"","_et_gb_content_width":"","footnotes":""},"_links":{"self":[{"href":"https:\/\/www.szentistvanajka.hu\/iskola\/wp-json\/wp\/v2\/pages\/315"}],"collection":[{"href":"https:\/\/www.szentistvanajka.hu\/iskola\/wp-json\/wp\/v2\/pages"}],"about":[{"href":"https:\/\/www.szentistvanajka.hu\/iskola\/wp-json\/wp\/v2\/types\/page"}],"author":[{"embeddable":true,"href":"https:\/\/www.szentistvanajka.hu\/iskola\/wp-json\/wp\/v2\/users\/1"}],"replies":[{"embeddable":true,"href":"https:\/\/www.szentistvanajka.hu\/iskola\/wp-json\/wp\/v2\/comments?post=315"}],"version-history":[{"count":3,"href":"https:\/\/www.szentistvanajka.hu\/iskola\/wp-json\/wp\/v2\/pages\/315\/revisions"}],"predecessor-version":[{"id":320,"href":"https:\/\/www.szentistvanajka.hu\/iskola\/wp-json\/wp\/v2\/pages\/315\/revisions\/320"}],"up":[{"embeddable":true,"href":"https:\/\/www.szentistvanajka.hu\/iskola\/wp-json\/wp\/v2\/pages\/234"}],"wp:attachment":[{"href":"https:\/\/www.szentistvanajka.hu\/iskola\/wp-json\/wp\/v2\/media?parent=315"}],"curies":[{"name":"wp","href":"https:\/\/api.w.org\/{rel}","templated":true}]}}