{"id":297,"date":"2023-10-02T10:52:59","date_gmt":"2023-10-02T08:52:59","guid":{"rendered":"https:\/\/www.szentistvanajka.hu\/iskola\/?page_id=297"},"modified":"2023-10-02T10:55:03","modified_gmt":"2023-10-02T08:55:03","slug":"iv-szent-istvan-kupa","status":"publish","type":"page","link":"https:\/\/www.szentistvanajka.hu\/iskola\/akkreditalt-tehetsegpont\/iv-szent-istvan-kupa\/","title":{"rendered":"IV. Szent Istv\u00e1n kupa"},"content":{"rendered":"<p>[et_pb_section fb_built=&#8221;1&#8243; fullwidth=&#8221;on&#8221; admin_label=&#8221;Header Section&#8221; _builder_version=&#8221;4.22.2&#8243; background_image=&#8221;https:\/\/www.szentistvanajka.hu\/iskola\/wp-content\/uploads\/sites\/2\/2023\/09\/suli-banner-4-scaled.jpg&#8221; top_divider_style=&#8221;clouds2&#8243; top_divider_color=&#8221;rgba(255,255,255,0.3)&#8221; top_divider_height=&#8221;100%&#8221; bottom_divider_height=&#8221;30px&#8221; global_colors_info=&#8221;{}&#8221;][et_pb_fullwidth_header title=&#8221;IV. Szent IStv\u00e1n Kupa&#8221; subhead=&#8221;2022.11.19&#8243; text_orientation=&#8221;center&#8221; _builder_version=&#8221;4.22.2&#8243; title_level=&#8221;h2&#8243; title_font=&#8221;Rubik|700||on|||||&#8221; title_text_color=&#8221;gcid-3e5434d2-d04b-4c23-ad4b-c99b69dfdd61&#8243; title_font_size=&#8221;50px&#8221; title_letter_spacing=&#8221;5px&#8221; title_line_height=&#8221;2em&#8221; content_font=&#8221;Rubik||||||||&#8221; content_font_size=&#8221;18px&#8221; content_line_height=&#8221;2em&#8221; subhead_font=&#8221;Rubik|700|||||||&#8221; subhead_text_color=&#8221;rgba(0,0,0,0.8)&#8221; subhead_font_size=&#8221;50px&#8221; subhead_line_height=&#8221;1.4em&#8221; background_color=&#8221;rgba(255,255,255,0)&#8221; use_background_color_gradient=&#8221;on&#8221; background_color_gradient_stops=&#8221;rgba(255,255,255,0.7) 0%|#ffffff 100%&#8221; background_color_gradient_start=&#8221;rgba(255,255,255,0.7)&#8221; background_color_gradient_end=&#8221;#ffffff&#8221; background_size=&#8221;contain&#8221; background_position=&#8221;bottom_center&#8221; custom_button_one=&#8221;on&#8221; button_one_text_size=&#8221;16px&#8221; button_one_text_color=&#8221;#ffffff&#8221; button_one_bg_color=&#8221;#ff7355&#8243; button_one_border_width=&#8221;15px&#8221; button_one_border_color=&#8221;rgba(210,159,104,0)&#8221; button_one_border_radius=&#8221;100px&#8221; button_one_letter_spacing=&#8221;0px&#8221; button_one_font=&#8221;Rubik|700|||||||&#8221; button_one_use_icon=&#8221;off&#8221; custom_button_two=&#8221;on&#8221; button_two_text_size=&#8221;16px&#8221; button_two_text_color=&#8221;#ffffff&#8221; button_two_bg_color=&#8221;rgba(0,0,0,0.6)&#8221; button_two_border_width=&#8221;15px&#8221; button_two_border_color=&#8221;rgba(210,159,104,0)&#8221; button_two_border_radius=&#8221;100px&#8221; button_two_letter_spacing=&#8221;0px&#8221; button_two_font=&#8221;Rubik|700|||||||&#8221; button_two_use_icon=&#8221;off&#8221; background_layout=&#8221;light&#8221; custom_margin=&#8221;|||&#8221; custom_padding=&#8221;8vw||4vw|&#8221; animation_style=&#8221;slide&#8221; animation_direction=&#8221;bottom&#8221; animation_intensity_slide=&#8221;1%&#8221; subhead_font_size_tablet=&#8221;&#8221; subhead_font_size_phone=&#8221;30px&#8221; subhead_font_size_last_edited=&#8221;on|phone&#8221; button_one_border_radius_hover=&#8221;100px&#8221; button_two_border_radius_hover=&#8221;100px&#8221; button_one_bg_color_hover=&#8221;#ff8a70&#8243; button_two_bg_color_hover=&#8221;#ff8a70&#8243; global_colors_info=&#8221;{%22gcid-3e5434d2-d04b-4c23-ad4b-c99b69dfdd61%22:%91%22title_text_color%22%93}&#8221; button_one_text_size__hover_enabled=&#8221;off&#8221; button_two_text_size__hover_enabled=&#8221;off&#8221; button_one_text_color__hover_enabled=&#8221;off&#8221; button_two_text_color__hover_enabled=&#8221;off&#8221; button_one_border_width__hover_enabled=&#8221;off&#8221; button_two_border_width__hover_enabled=&#8221;off&#8221; button_one_border_color__hover_enabled=&#8221;off&#8221; button_two_border_color__hover_enabled=&#8221;off&#8221; button_one_border_radius__hover_enabled=&#8221;on&#8221; button_one_border_radius__hover=&#8221;100px&#8221; button_two_border_radius__hover_enabled=&#8221;on&#8221; button_two_border_radius__hover=&#8221;100px&#8221; button_one_letter_spacing__hover_enabled=&#8221;off&#8221; button_two_letter_spacing__hover_enabled=&#8221;off&#8221; button_one_bg_color__hover_enabled=&#8221;on&#8221; button_one_bg_color__hover=&#8221;#ff8a70&#8243; button_two_bg_color__hover_enabled=&#8221;on&#8221; button_two_bg_color__hover=&#8221;#ff8a70&#8243;][\/et_pb_fullwidth_header][\/et_pb_section][et_pb_section fb_built=&#8221;1&#8243; specialty=&#8221;on&#8221; _builder_version=&#8221;4.22.2&#8243; _module_preset=&#8221;default&#8221; global_colors_info=&#8221;{}&#8221;][et_pb_column type=&#8221;1_2&#8243; specialty_columns=&#8221;2&#8243; _builder_version=&#8221;4.16&#8243; custom_padding=&#8221;|||&#8221; global_colors_info=&#8221;{}&#8221; custom_padding__hover=&#8221;|||&#8221;][et_pb_row_inner _builder_version=&#8221;4.22.2&#8243; _module_preset=&#8221;default&#8221; global_colors_info=&#8221;{}&#8221;][et_pb_column_inner saved_specialty_column_type=&#8221;1_2&#8243; _builder_version=&#8221;4.22.2&#8243; _module_preset=&#8221;default&#8221; global_colors_info=&#8221;{}&#8221;][et_pb_text _builder_version=&#8221;4.22.2&#8243; _module_preset=&#8221;default&#8221; global_colors_info=&#8221;{}&#8221;]<\/p>\n<p>A Szent Istv\u00e1n Kir\u00e1ly R\u00f3mai Katolikus \u00c1ltal\u00e1nos Iskola 10 \u00e9ves jubileum\u00e1t \u00fcnnepli a h\u00e9ten. T\u00f6bb rendezv\u00e9nyt is szerveznek ez alkalomb\u00f3l, melynek egyik gyermekk\u00f6zpont\u00fa esem\u00e9nye a r\u00f6plabda kupa, melyet imm\u00e1r IV. alkalommal szervezte meg Magvas Istv\u00e1nn\u00e9 testnevel\u0151, a R\u00f6pisuli Sportegyes\u00fclet eln\u00f6ke.\u00a0<\/p>\n<p>A r\u00f6plabda torna az Orsz\u00e1gos Mini Bajnoks\u00e1g U13 fordul\u00f3jak\u00e9nt ker\u00fclt megrendez\u00e9sre a Szent P\u00e1l Akad\u00e9mia HIT Csarnokban 2022. november 19-\u00e9n. A Szombathelyi Sportiskola \u00e9s a Veszpr\u00e9m R\u00f6plabda Klub csapatait fogadtuk. M\u00e1jusi Zsolt, a Szent Istv\u00e1n Kir\u00e1ly R\u00f3mai Katolikus \u00c1ltal\u00e1nos Iskola igazgat\u00f3helyettese \u00e9s a sportol\u00f3 gyermekek sz\u00fclei, ismer\u0151sei is ell\u00e1togattak a versenyre. A m\u00e9rk\u0151z\u00e9sek izgalmasan, a sport\u00e1g sz\u00e9ps\u00e9geit megmutatva zajlottak. A 3 csapat k\u00f6rm\u00e9rk\u0151z\u00e9s sor\u00e1n d\u00f6nt\u00f6tte el a helyez\u00e9sek sorrendj\u00e9t. Nagy csat\u00e1ban, a sz\u00fcl\u0151k, sportol\u00f3k lelkes, hangos szurkol\u00e1sa mellet v\u00e9g\u00fcl az ajkaiak gy\u0151zedelmeskedtek. Szedresi Eszter edz\u0151 m\u00e9lt\u00e1n lehet b\u00fcszke csapat\u00e1ra, melynek \u201ekem\u00e9ny magj\u00e1t\u201d a katolikus iskol\u00e1ba j\u00e1r\u00f3 di\u00e1kok alkotj\u00e1k.<\/p>\n<p>V\u00e9geredm\u00e9ny:\u00a0<\/p>\n<ol>\n<li>R\u00f6pisuli Sportegyes\u00fclet<\/li>\n<li>Szombathelyi Sportiskola<\/li>\n<li>Veszpr\u00e9m R\u00f6plabda Klub\u00a0<\/li>\n<\/ol>\n<p>A serlegeket, \u00e9rmeket M\u00e1jusi Zsolt adta \u00e1t. A z\u00e1r\u00e1s sor\u00e1n k\u00fcl\u00f6nd\u00edjjal k\u00f6sz\u00f6nt\u00fck meg az edz\u0151knek a felk\u00e9sz\u00edt\u0151 munk\u00e1t. A mez\u0151ny hatalmas tapssal jutalmazta a d\u00edjazottakat. A rendezv\u00e9ny sikere valamennyi r\u00e9sztvev\u0151, sportol\u00f3, edz\u0151, j\u00e1t\u00e9kvezet\u0151, jegyz\u0151k\u00f6nyv-vezet\u0151 k\u00f6z\u00f6s munk\u00e1j\u00e1nak eredm\u00e9nye. M\u00e1jusi Zsolt z\u00e1r\u00f3 szavaiban elismer\u0151 szavakkal illette a mez\u0151ny r\u00f6plabd\u00e1s teljes\u00edtm\u00e9ny\u00e9t, megk\u00f6sz\u00f6nte az edz\u0151k felk\u00e9sz\u00edt\u0151 munk\u00e1j\u00e1t, sz\u00fcl\u0151knek, k\u00eds\u00e9r\u0151knek a szurkol\u00e1st.\u00a0<\/p>\n<p>[\/et_pb_text][\/et_pb_column_inner][\/et_pb_row_inner][\/et_pb_column][et_pb_column type=&#8221;1_2&#8243; _builder_version=&#8221;4.16&#8243; custom_padding=&#8221;|||&#8221; global_colors_info=&#8221;{}&#8221; custom_padding__hover=&#8221;|||&#8221;][et_pb_image src=&#8221;https:\/\/www.szentistvanajka.hu\/iskola\/wp-content\/uploads\/sites\/2\/2023\/10\/IV.-szent-istvan-kupa-1.jpg&#8221; title_text=&#8221;IV. szent istvan kupa 1&#8243; _builder_version=&#8221;4.22.2&#8243; _module_preset=&#8221;default&#8221; global_colors_info=&#8221;{}&#8221;][\/et_pb_image][et_pb_image src=&#8221;https:\/\/www.szentistvanajka.hu\/iskola\/wp-content\/uploads\/sites\/2\/2023\/10\/IV.-szent-istvan-kupa-2.jpg&#8221; title_text=&#8221;IV. szent istvan kupa 2&#8243; _builder_version=&#8221;4.22.2&#8243; _module_preset=&#8221;default&#8221; global_colors_info=&#8221;{}&#8221;][\/et_pb_image][\/et_pb_column][\/et_pb_section]<\/p>\n","protected":false},"excerpt":{"rendered":"<p>A Szent Istv\u00e1n Kir\u00e1ly R\u00f3mai Katolikus \u00c1ltal\u00e1nos Iskola 10 \u00e9ves jubileum\u00e1t \u00fcnnepli a h\u00e9ten. T\u00f6bb rendezv\u00e9nyt is szerveznek ez alkalomb\u00f3l, melynek egyik gyermekk\u00f6zpont\u00fa esem\u00e9nye a r\u00f6plabda kupa, melyet imm\u00e1r IV. alkalommal szervezte meg Magvas Istv\u00e1nn\u00e9 testnevel\u0151, a R\u00f6pisuli Sportegyes\u00fclet eln\u00f6ke.\u00a0 A r\u00f6plabda torna az Orsz\u00e1gos Mini Bajnoks\u00e1g U13 fordul\u00f3jak\u00e9nt ker\u00fclt megrendez\u00e9sre a Szent P\u00e1l Akad\u00e9mia [&hellip;]<\/p>\n","protected":false},"author":1,"featured_media":0,"parent":234,"menu_order":0,"comment_status":"closed","ping_status":"closed","template":"","meta":{"_et_pb_use_builder":"on","_et_pb_old_content":"","_et_gb_content_width":"","footnotes":""},"_links":{"self":[{"href":"https:\/\/www.szentistvanajka.hu\/iskola\/wp-json\/wp\/v2\/pages\/297"}],"collection":[{"href":"https:\/\/www.szentistvanajka.hu\/iskola\/wp-json\/wp\/v2\/pages"}],"about":[{"href":"https:\/\/www.szentistvanajka.hu\/iskola\/wp-json\/wp\/v2\/types\/page"}],"author":[{"embeddable":true,"href":"https:\/\/www.szentistvanajka.hu\/iskola\/wp-json\/wp\/v2\/users\/1"}],"replies":[{"embeddable":true,"href":"https:\/\/www.szentistvanajka.hu\/iskola\/wp-json\/wp\/v2\/comments?post=297"}],"version-history":[{"count":3,"href":"https:\/\/www.szentistvanajka.hu\/iskola\/wp-json\/wp\/v2\/pages\/297\/revisions"}],"predecessor-version":[{"id":303,"href":"https:\/\/www.szentistvanajka.hu\/iskola\/wp-json\/wp\/v2\/pages\/297\/revisions\/303"}],"up":[{"embeddable":true,"href":"https:\/\/www.szentistvanajka.hu\/iskola\/wp-json\/wp\/v2\/pages\/234"}],"wp:attachment":[{"href":"https:\/\/www.szentistvanajka.hu\/iskola\/wp-json\/wp\/v2\/media?parent=297"}],"curies":[{"name":"wp","href":"https:\/\/api.w.org\/{rel}","templated":true}]}}