{"id":280,"date":"2023-10-02T10:30:20","date_gmt":"2023-10-02T08:30:20","guid":{"rendered":"https:\/\/www.szentistvanajka.hu\/iskola\/?page_id=280"},"modified":"2023-10-02T10:37:33","modified_gmt":"2023-10-02T08:37:33","slug":"ii-szent-istvan-kupa","status":"publish","type":"page","link":"https:\/\/www.szentistvanajka.hu\/iskola\/akkreditalt-tehetsegpont\/ii-szent-istvan-kupa\/","title":{"rendered":"II. Szent Istv\u00e1n kupa"},"content":{"rendered":"<p>[et_pb_section fb_built=&#8221;1&#8243; fullwidth=&#8221;on&#8221; admin_label=&#8221;Header Section&#8221; _builder_version=&#8221;4.22.2&#8243; background_image=&#8221;https:\/\/www.szentistvanajka.hu\/iskola\/wp-content\/uploads\/sites\/2\/2023\/09\/suli-banner-4-scaled.jpg&#8221; top_divider_style=&#8221;clouds2&#8243; top_divider_color=&#8221;rgba(255,255,255,0.3)&#8221; top_divider_height=&#8221;100%&#8221; bottom_divider_height=&#8221;30px&#8221; global_colors_info=&#8221;{}&#8221;][et_pb_fullwidth_header title=&#8221;II. Szent IStv\u00e1n Kupa&#8221; subhead=&#8221;2021.02.20&#8243; text_orientation=&#8221;center&#8221; _builder_version=&#8221;4.22.2&#8243; title_level=&#8221;h2&#8243; title_font=&#8221;Rubik|700||on|||||&#8221; title_text_color=&#8221;gcid-3e5434d2-d04b-4c23-ad4b-c99b69dfdd61&#8243; title_font_size=&#8221;50px&#8221; title_letter_spacing=&#8221;5px&#8221; title_line_height=&#8221;2em&#8221; content_font=&#8221;Rubik||||||||&#8221; content_font_size=&#8221;18px&#8221; content_line_height=&#8221;2em&#8221; subhead_font=&#8221;Rubik|700|||||||&#8221; subhead_text_color=&#8221;rgba(0,0,0,0.8)&#8221; subhead_font_size=&#8221;50px&#8221; subhead_line_height=&#8221;1.4em&#8221; background_color=&#8221;rgba(255,255,255,0)&#8221; use_background_color_gradient=&#8221;on&#8221; background_color_gradient_stops=&#8221;rgba(255,255,255,0.7) 0%|#ffffff 100%&#8221; background_color_gradient_start=&#8221;rgba(255,255,255,0.7)&#8221; background_color_gradient_end=&#8221;#ffffff&#8221; background_size=&#8221;contain&#8221; background_position=&#8221;bottom_center&#8221; custom_button_one=&#8221;on&#8221; button_one_text_size=&#8221;16px&#8221; button_one_text_color=&#8221;#ffffff&#8221; button_one_bg_color=&#8221;#ff7355&#8243; button_one_border_width=&#8221;15px&#8221; button_one_border_color=&#8221;rgba(210,159,104,0)&#8221; button_one_border_radius=&#8221;100px&#8221; button_one_letter_spacing=&#8221;0px&#8221; button_one_font=&#8221;Rubik|700|||||||&#8221; button_one_use_icon=&#8221;off&#8221; custom_button_two=&#8221;on&#8221; button_two_text_size=&#8221;16px&#8221; button_two_text_color=&#8221;#ffffff&#8221; button_two_bg_color=&#8221;rgba(0,0,0,0.6)&#8221; button_two_border_width=&#8221;15px&#8221; button_two_border_color=&#8221;rgba(210,159,104,0)&#8221; button_two_border_radius=&#8221;100px&#8221; button_two_letter_spacing=&#8221;0px&#8221; button_two_font=&#8221;Rubik|700|||||||&#8221; button_two_use_icon=&#8221;off&#8221; background_layout=&#8221;light&#8221; custom_margin=&#8221;|||&#8221; custom_padding=&#8221;8vw||4vw|&#8221; animation_style=&#8221;slide&#8221; animation_direction=&#8221;bottom&#8221; animation_intensity_slide=&#8221;1%&#8221; subhead_font_size_tablet=&#8221;&#8221; subhead_font_size_phone=&#8221;30px&#8221; subhead_font_size_last_edited=&#8221;on|phone&#8221; button_one_border_radius_hover=&#8221;100px&#8221; button_two_border_radius_hover=&#8221;100px&#8221; button_one_bg_color_hover=&#8221;#ff8a70&#8243; button_two_bg_color_hover=&#8221;#ff8a70&#8243; global_colors_info=&#8221;{%22gcid-3e5434d2-d04b-4c23-ad4b-c99b69dfdd61%22:%91%22title_text_color%22%93}&#8221; button_one_text_size__hover_enabled=&#8221;off&#8221; button_two_text_size__hover_enabled=&#8221;off&#8221; button_one_text_color__hover_enabled=&#8221;off&#8221; button_two_text_color__hover_enabled=&#8221;off&#8221; button_one_border_width__hover_enabled=&#8221;off&#8221; button_two_border_width__hover_enabled=&#8221;off&#8221; button_one_border_color__hover_enabled=&#8221;off&#8221; button_two_border_color__hover_enabled=&#8221;off&#8221; button_one_border_radius__hover_enabled=&#8221;on&#8221; button_one_border_radius__hover=&#8221;100px&#8221; button_two_border_radius__hover_enabled=&#8221;on&#8221; button_two_border_radius__hover=&#8221;100px&#8221; button_one_letter_spacing__hover_enabled=&#8221;off&#8221; button_two_letter_spacing__hover_enabled=&#8221;off&#8221; button_one_bg_color__hover_enabled=&#8221;on&#8221; button_one_bg_color__hover=&#8221;#ff8a70&#8243; button_two_bg_color__hover_enabled=&#8221;on&#8221; button_two_bg_color__hover=&#8221;#ff8a70&#8243;][\/et_pb_fullwidth_header][\/et_pb_section][et_pb_section fb_built=&#8221;1&#8243; specialty=&#8221;on&#8221; _builder_version=&#8221;4.22.2&#8243; _module_preset=&#8221;default&#8221; global_colors_info=&#8221;{}&#8221;][et_pb_column type=&#8221;1_2&#8243; specialty_columns=&#8221;2&#8243; _builder_version=&#8221;4.16&#8243; custom_padding=&#8221;|||&#8221; global_colors_info=&#8221;{}&#8221; custom_padding__hover=&#8221;|||&#8221;][et_pb_row_inner _builder_version=&#8221;4.22.2&#8243; _module_preset=&#8221;default&#8221; global_colors_info=&#8221;{}&#8221;][et_pb_column_inner saved_specialty_column_type=&#8221;1_2&#8243; _builder_version=&#8221;4.22.2&#8243; _module_preset=&#8221;default&#8221; global_colors_info=&#8221;{}&#8221;][et_pb_text _builder_version=&#8221;4.22.2&#8243; _module_preset=&#8221;default&#8221; hover_enabled=&#8221;0&#8243; global_colors_info=&#8221;{}&#8221; sticky_enabled=&#8221;0&#8243;]<\/p>\n<p><strong>A V\u00e1rosi Sportcsarnok adott otthont febru\u00e1r 20-\u00e1n a II. Szent Istv\u00e1n Kir\u00e1ly Kup\u00e1nak, melyre az U11-es koroszt\u00e1ly csapatait v\u00e1rtuk.<\/strong><\/p>\n<p>Az \u00e9v els\u0151 torn\u00e1j\u00e1t nagyon v\u00e1rt\u00e1k m\u00e1r a legkisebb koroszt\u00e1lyban j\u00e1tsz\u00f3 gyerekek \u00e9s edz\u0151ik. Nyolc csapat \u00e9rkezett az orsz\u00e1g minden r\u00e9sz\u00e9r\u0151l, Budapestr\u0151l, Sz\u00e9kesfeh\u00e9rv\u00e1rr\u00f3l, Kom\u00e1romb\u00f3l, Szegedr\u0151l \u00e9s k\u00e9t hazai csapat is v\u00e1llalta a megm\u00e9rettet\u00e9st. A Szupermini Bajnoks\u00e1gon a megnyit\u00f3 ut\u00e1n 3 p\u00e1ly\u00e1n zajlottak a m\u00e9rk\u0151z\u00e9sek. 3 csoportba ker\u00fcltek a csapatok, k\u00f6rm\u00e9rk\u0151z\u00e9seket j\u00e1tszottak. A torna lebonyol\u00edt\u00e1s\u00e1ban a R\u00f6pisuli Sportegyes\u00fclet nagyobb j\u00e1t\u00e9kosai \u00e9s iskol\u00e1nk pedag\u00f3gusai seg\u00edtettek.<\/p>\n<p>Z\u00e1rt kapuk m\u00f6g\u00f6tt zajlott a torna, \u00edgy a hozz\u00e1tartoz\u00f3k nem l\u00e1thatt\u00e1k a k\u00fczdelmeket. B\u00e1r nem tudtak szurkolni a n\u00e9z\u0151k, a gyerekek \u00edgy is sz\u00e9pen szerepeltek, hiszen \u00e9lvezt\u00e9k, hogy v\u00e9gre j\u00e1tszhattak.<\/p>\n<p>A k\u00e9t indul\u00f3 ajkai csapat k\u00f6z\u00fcl az egyik teljesen kezd\u0151 volt, tagjai a Szent Istv\u00e1n Kir\u00e1ly R\u00f3mai Katolikus \u00c1ltal\u00e1nos Iskola 4.b oszt\u00e1lyos tanul\u00f3i voltak\u00a0<em>Magvasn\u00e9 Mariann<\/em>\u00a0saj\u00e1t oszt\u00e1ly\u00e1b\u00f3l, akik k\u00f6z\u00fcl 13-an \u00e1lltak p\u00e1ly\u00e1ra. \u0150k az iskolai testnevel\u00e9s \u00f3r\u00e1kon tanult\u00e1k meg a sport\u00e1g alapjait, v\u00e9geztek k\u00fcl\u00f6nb\u00f6z\u0151 r\u00f6plabd\u00e1s feladatokat. Ezek a gyerekek most \u00e9rezhett\u00e9k meg el\u0151sz\u00f6r milyen is igaz\u00e1b\u00f3l a r\u00f6plabda \u00e9s pr\u00f3b\u00e1lhatt\u00e1k ki magukat versenyhelyzetben.<\/p>\n<p>A m\u00e1sodik csapatot az ajkai R\u00f6pisuli adta, akik rendszeresen edzenek, itt is j\u00e1tszottak Szent Istv\u00e1n Kir\u00e1lyos gyerekek. Mindk\u00e9t csapat sz\u00e9pen szerepelt, tud\u00e1suk legjav\u00e1t adt\u00e1k, edz\u0151ik:\u00a0<em>Berzsenyi Gabriella<\/em>\u00a0\u00e9s\u00a0<em>Magvas Istv\u00e1nn\u00e9<\/em>\u00a0nagy megel\u00e9ged\u00e9s\u00e9re.<\/p>\n<p>A versenyen, mivel \u0151k a legkisebb koroszt\u00e1ly, nem hirdettek helyez\u00e9seket. A koroszt\u00e1ly szupermini, a p\u00e1lya is sokkal kisebb m\u00e9ret\u0171, egy csapatb\u00f3l egyszerre csak h\u00e1rman vannak a p\u00e1ly\u00e1n. A szab\u00e1lyok szerint annyi cserelehet\u0151s\u00e9g van, amennyit az edz\u0151 szeretne, \u00edgy mindenki j\u00e1t\u00e9klehet\u0151s\u00e9get kapott, nem csak az edz\u0151k \u00e1ltal legjobbnak tartott j\u00e1t\u00e9kosok.<\/p>\n<p>A verseny v\u00e9g\u00e9n\u00a0<em>Rieder Andr\u00e1s<\/em>, int\u00e9zm\u00e9ny\u00fcnk igazgat\u00f3ja adta \u00e1t a r\u00e9sztvev\u0151 gyerekeknek az arany\u00e9rmeket \u00e9s az eml\u00e9klapokat. Z\u00e1r\u00e1sk\u00e9nt igazgat\u00f3 \u00far megk\u00f6sz\u00f6nte a sportol\u00f3knak a remek versenyz\u00e9st, az edz\u0151knek a felk\u00e9sz\u00edt\u00e9st, Magvas Istv\u00e1nn\u00e9 Mariann n\u00e9ninek a szervez\u00e9st. K\u00f6zel nyolcvan gyermek ismerkedett ezen a napon a r\u00f6plabda sport\u00e1ggal, akik \u00e9lm\u00e9nyekkel gazdagodva utaztak haza.<\/p>\n<p>A bajnoks\u00e1g a szupermini csapatoknak Balatonf\u00fcreden, m\u00e1rcius 6-\u00e1n folytat\u00f3dik.<\/p>\n<p>[\/et_pb_text][\/et_pb_column_inner][\/et_pb_row_inner][\/et_pb_column][et_pb_column type=&#8221;1_2&#8243; _builder_version=&#8221;4.16&#8243; custom_padding=&#8221;|||&#8221; global_colors_info=&#8221;{}&#8221; custom_padding__hover=&#8221;|||&#8221;][et_pb_image src=&#8221;https:\/\/www.szentistvanajka.hu\/iskola\/wp-content\/uploads\/sites\/2\/2023\/10\/II.-szent-istvan-kupa-1.jpg&#8221; title_text=&#8221;II. szent istvan kupa 1&#8243; _builder_version=&#8221;4.22.2&#8243; _module_preset=&#8221;default&#8221; hover_enabled=&#8221;0&#8243; global_colors_info=&#8221;{}&#8221; sticky_enabled=&#8221;0&#8243;][\/et_pb_image][et_pb_image src=&#8221;https:\/\/www.szentistvanajka.hu\/iskola\/wp-content\/uploads\/sites\/2\/2023\/10\/II.-szent-istvan-kupa-2.jpg&#8221; title_text=&#8221;II. szent istvan kupa 2&#8243; _builder_version=&#8221;4.22.2&#8243; _module_preset=&#8221;default&#8221; hover_enabled=&#8221;0&#8243; global_colors_info=&#8221;{}&#8221; sticky_enabled=&#8221;0&#8243;][\/et_pb_image][et_pb_image src=&#8221;https:\/\/www.szentistvanajka.hu\/iskola\/wp-content\/uploads\/sites\/2\/2023\/10\/II.-szent-istvan-kupa-3.jpg&#8221; title_text=&#8221;II. szent istvan kupa 3&#8243; _builder_version=&#8221;4.22.2&#8243; _module_preset=&#8221;default&#8221; hover_enabled=&#8221;0&#8243; global_colors_info=&#8221;{}&#8221; sticky_enabled=&#8221;0&#8243;][\/et_pb_image][\/et_pb_column][\/et_pb_section]<\/p>\n","protected":false},"excerpt":{"rendered":"<p>A V\u00e1rosi Sportcsarnok adott otthont febru\u00e1r 20-\u00e1n a II. Szent Istv\u00e1n Kir\u00e1ly Kup\u00e1nak, melyre az U11-es koroszt\u00e1ly csapatait v\u00e1rtuk. Az \u00e9v els\u0151 torn\u00e1j\u00e1t nagyon v\u00e1rt\u00e1k m\u00e1r a legkisebb koroszt\u00e1lyban j\u00e1tsz\u00f3 gyerekek \u00e9s edz\u0151ik. Nyolc csapat \u00e9rkezett az orsz\u00e1g minden r\u00e9sz\u00e9r\u0151l, Budapestr\u0151l, Sz\u00e9kesfeh\u00e9rv\u00e1rr\u00f3l, Kom\u00e1romb\u00f3l, Szegedr\u0151l \u00e9s k\u00e9t hazai csapat is v\u00e1llalta a megm\u00e9rettet\u00e9st. A Szupermini Bajnoks\u00e1gon [&hellip;]<\/p>\n","protected":false},"author":1,"featured_media":0,"parent":234,"menu_order":0,"comment_status":"closed","ping_status":"closed","template":"","meta":{"_et_pb_use_builder":"on","_et_pb_old_content":"","_et_gb_content_width":"","footnotes":""},"_links":{"self":[{"href":"https:\/\/www.szentistvanajka.hu\/iskola\/wp-json\/wp\/v2\/pages\/280"}],"collection":[{"href":"https:\/\/www.szentistvanajka.hu\/iskola\/wp-json\/wp\/v2\/pages"}],"about":[{"href":"https:\/\/www.szentistvanajka.hu\/iskola\/wp-json\/wp\/v2\/types\/page"}],"author":[{"embeddable":true,"href":"https:\/\/www.szentistvanajka.hu\/iskola\/wp-json\/wp\/v2\/users\/1"}],"replies":[{"embeddable":true,"href":"https:\/\/www.szentistvanajka.hu\/iskola\/wp-json\/wp\/v2\/comments?post=280"}],"version-history":[{"count":3,"href":"https:\/\/www.szentistvanajka.hu\/iskola\/wp-json\/wp\/v2\/pages\/280\/revisions"}],"predecessor-version":[{"id":290,"href":"https:\/\/www.szentistvanajka.hu\/iskola\/wp-json\/wp\/v2\/pages\/280\/revisions\/290"}],"up":[{"embeddable":true,"href":"https:\/\/www.szentistvanajka.hu\/iskola\/wp-json\/wp\/v2\/pages\/234"}],"wp:attachment":[{"href":"https:\/\/www.szentistvanajka.hu\/iskola\/wp-json\/wp\/v2\/media?parent=280"}],"curies":[{"name":"wp","href":"https:\/\/api.w.org\/{rel}","templated":true}]}}